{"id":277,"date":"2025-01-31T18:27:26","date_gmt":"2025-01-31T18:27:26","guid":{"rendered":"https:\/\/xn--fabricengouz-author-mzb.com\/new-layout\/?page_id=277"},"modified":"2026-04-14T18:16:51","modified_gmt":"2026-04-14T18:16:51","slug":"books","status":"publish","type":"page","link":"https:\/\/xn--fabricengouz-author-mzb.com\/new-layout\/books\/","title":{"rendered":"Books"},"content":{"rendered":"\t\t<div data-elementor-type=\"wp-page\" data-elementor-id=\"277\" class=\"elementor elementor-277\" data-elementor-post-type=\"page\">\n\t\t\t\t\t\t<section class=\"elementor-section elementor-top-section elementor-element elementor-element-68a1a00 elementor-section-full_width elementor-section-height-min-height elementor-section-height-default elementor-section-items-middle\" data-id=\"68a1a00\" data-element_type=\"section\" data-e-type=\"section\" data-settings=\"{&quot;background_background&quot;:&quot;gradient&quot;}\">\n\t\t\t\t\t\t\t<div class=\"elementor-background-overlay\"><\/div>\n\t\t\t\t\t\t\t<div class=\"elementor-container elementor-column-gap-no\">\n\t\t\t\t\t<div class=\"elementor-column elementor-col-100 elementor-top-column elementor-element elementor-element-bafb660\" data-id=\"bafb660\" data-element_type=\"column\" data-e-type=\"column\" data-settings=\"{&quot;background_background&quot;:&quot;gradient&quot;}\">\n\t\t\t<div class=\"elementor-widget-wrap elementor-element-populated\">\n\t\t\t\t\t<div class=\"elementor-background-overlay\"><\/div>\n\t\t\t\t\t\t<div class=\"elementor-element elementor-element-8f7648b elementor-invisible elementor-widget elementor-widget-heading\" data-id=\"8f7648b\" data-element_type=\"widget\" data-e-type=\"widget\" data-settings=\"{&quot;_animation&quot;:&quot;fadeInUp&quot;}\" data-widget_type=\"heading.default\">\n\t\t\t\t<div class=\"elementor-widget-container\">\n\t\t\t\t\t<h1 class=\"elementor-heading-title elementor-size-default\">My Book<\/h1>\t\t\t\t<\/div>\n\t\t\t\t<\/div>\n\t\t\t\t\t<\/div>\n\t\t<\/div>\n\t\t\t\t\t<\/div>\n\t\t<\/section>\n\t\t\t\t<section class=\"elementor-section elementor-top-section elementor-element elementor-element-9dcc753 elementor-section-boxed elementor-section-height-default elementor-section-height-default\" data-id=\"9dcc753\" data-element_type=\"section\" data-e-type=\"section\" id=\"breaking\">\n\t\t\t\t\t\t<div class=\"elementor-container elementor-column-gap-no\">\n\t\t\t\t\t<div class=\"elementor-column elementor-col-50 elementor-top-column elementor-element elementor-element-2b400e7\" data-id=\"2b400e7\" data-element_type=\"column\" data-e-type=\"column\">\n\t\t\t<div class=\"elementor-widget-wrap elementor-element-populated\">\n\t\t\t\t\t\t<div class=\"elementor-element elementor-element-0c22ef7 elementor-invisible elementor-widget elementor-widget-image\" data-id=\"0c22ef7\" data-element_type=\"widget\" data-e-type=\"widget\" data-settings=\"{&quot;_animation&quot;:&quot;fadeInLeft&quot;}\" data-widget_type=\"image.default\">\n\t\t\t\t<div class=\"elementor-widget-container\">\n\t\t\t\t\t\t\t\t\t\t\t\t\t\t\t<img fetchpriority=\"high\" decoding=\"async\" width=\"1370\" height=\"2048\" src=\"https:\/\/xn--fabricengouz-author-mzb.com\/new-layout\/wp-content\/uploads\/2026\/04\/front-1370x2048-1.jpg\" class=\"attachment-full size-full wp-image-806\" alt=\"\" srcset=\"https:\/\/xn--fabricengouz-author-mzb.com\/new-layout\/wp-content\/uploads\/2026\/04\/front-1370x2048-1.jpg 1370w, https:\/\/xn--fabricengouz-author-mzb.com\/new-layout\/wp-content\/uploads\/2026\/04\/front-1370x2048-1-201x300.jpg 201w, https:\/\/xn--fabricengouz-author-mzb.com\/new-layout\/wp-content\/uploads\/2026\/04\/front-1370x2048-1-685x1024.jpg 685w, https:\/\/xn--fabricengouz-author-mzb.com\/new-layout\/wp-content\/uploads\/2026\/04\/front-1370x2048-1-768x1148.jpg 768w, https:\/\/xn--fabricengouz-author-mzb.com\/new-layout\/wp-content\/uploads\/2026\/04\/front-1370x2048-1-1028x1536.jpg 1028w, https:\/\/xn--fabricengouz-author-mzb.com\/new-layout\/wp-content\/uploads\/2026\/04\/front-1370x2048-1-600x897.jpg 600w\" sizes=\"(max-width: 1370px) 100vw, 1370px\" \/>\t\t\t\t\t\t\t\t\t\t\t\t\t\t\t<\/div>\n\t\t\t\t<\/div>\n\t\t\t\t\t<\/div>\n\t\t<\/div>\n\t\t\t\t<div class=\"elementor-column elementor-col-50 elementor-top-column elementor-element elementor-element-0a5b0c5 elementor-invisible\" data-id=\"0a5b0c5\" data-element_type=\"column\" data-e-type=\"column\" data-settings=\"{&quot;animation&quot;:&quot;fadeInUp&quot;}\">\n\t\t\t<div class=\"elementor-widget-wrap elementor-element-populated\">\n\t\t\t\t\t\t<div class=\"elementor-element elementor-element-2f9a745 elementor-invisible elementor-widget elementor-widget-heading\" data-id=\"2f9a745\" data-element_type=\"widget\" data-e-type=\"widget\" data-settings=\"{&quot;_animation&quot;:&quot;fadeInUp&quot;}\" data-widget_type=\"heading.default\">\n\t\t\t\t<div class=\"elementor-widget-container\">\n\t\t\t\t\t<h2 class=\"elementor-heading-title elementor-size-default\">Breaking the Chains of Singleness and Divorce: A Prophetic Guide to God-Ordained Marriage\n<\/h2>\t\t\t\t<\/div>\n\t\t\t\t<\/div>\n\t\t\t\t<div class=\"elementor-element elementor-element-1923367 elementor-widget elementor-widget-text-editor\" data-id=\"1923367\" data-element_type=\"widget\" data-e-type=\"widget\" data-widget_type=\"text-editor.default\">\n\t\t\t\t<div class=\"elementor-widget-container\">\n\t\t\t\t\t\t\t\t\tThis groundbreaking book unveils the spiritual realities behind prolonged singleness, marital delay, and cycles of divorce. Inspired during a 21-day prophetic prayer program, God revealed to the author the hidden covenants, generational patterns, and spiritual battles that keep many from experiencing marital fulfillment.\n\n\nThrough powerful biblical revelations, testimonies, and prophetic strategies, this book equips you to:\n\nIdentify and break ancestral and spiritual covenants blocking your marriage\n\nOvercome delays, emotional wounds, and repeated relationship failures\n\nRestore divine order in your life, emotions, and future marriage\n\nAlign yourself with God&#8217;s design for covenant love\n\nStep confidently into a prophetic marriage according to God\u2019s heart\n\nIf you are believing God for marriage, restoration, or deliverance in your emotional life\u2014this book is your weapon of victory.\n\n \t\t\t\t\t\t\t\t<\/div>\n\t\t\t\t<\/div>\n\t\t\t\t<div class=\"elementor-element elementor-element-c07b5ac elementor-align-left elementor-widget elementor-widget-button\" data-id=\"c07b5ac\" data-element_type=\"widget\" data-e-type=\"widget\" data-widget_type=\"button.default\">\n\t\t\t\t<div class=\"elementor-widget-container\">\n\t\t\t\t\t\t\t\t\t<div class=\"elementor-button-wrapper\">\n\t\t\t\t\t<a class=\"elementor-button elementor-button-link elementor-size-sm elementor-animation-float\" href=\"https:\/\/www.amazon.com\/dp\/1969857943\" target=\"_blank\">\n\t\t\t\t\t\t<span class=\"elementor-button-content-wrapper\">\n\t\t\t\t\t\t\t\t\t<span class=\"elementor-button-text\">Buy Now<\/span>\n\t\t\t\t\t<\/span>\n\t\t\t\t\t<\/a>\n\t\t\t\t<\/div>\n\t\t\t\t\t\t\t\t<\/div>\n\t\t\t\t<\/div>\n\t\t\t\t\t<\/div>\n\t\t<\/div>\n\t\t\t\t\t<\/div>\n\t\t<\/section>\n\t\t\t\t<section class=\"elementor-section elementor-top-section elementor-element elementor-element-9de1c32 elementor-section-boxed elementor-section-height-default elementor-section-height-default\" data-id=\"9de1c32\" data-element_type=\"section\" data-e-type=\"section\" id=\"path\" data-settings=\"{&quot;background_background&quot;:&quot;classic&quot;}\">\n\t\t\t\t\t\t<div class=\"elementor-container elementor-column-gap-no\">\n\t\t\t\t\t<div class=\"elementor-column elementor-col-50 elementor-top-column elementor-element elementor-element-6b5d36f elementor-invisible\" data-id=\"6b5d36f\" data-element_type=\"column\" data-e-type=\"column\" data-settings=\"{&quot;animation&quot;:&quot;fadeInUp&quot;}\">\n\t\t\t<div class=\"elementor-widget-wrap elementor-element-populated\">\n\t\t\t\t\t\t<div class=\"elementor-element elementor-element-22f9fb6 elementor-invisible elementor-widget elementor-widget-heading\" data-id=\"22f9fb6\" data-element_type=\"widget\" data-e-type=\"widget\" id=\"path\" data-settings=\"{&quot;_animation&quot;:&quot;fadeInUp&quot;}\" data-widget_type=\"heading.default\">\n\t\t\t\t<div class=\"elementor-widget-container\">\n\t\t\t\t\t<h2 class=\"elementor-heading-title elementor-size-default\">THE PATH OF EXCELLENCE: ENCOURAGEMENT TO PURSUE SPIRITUAL GIFTS WITH MATURITY AND LOVE\n<\/h2>\t\t\t\t<\/div>\n\t\t\t\t<\/div>\n\t\t\t\t<div class=\"elementor-element elementor-element-1fbdbda elementor-widget elementor-widget-text-editor\" data-id=\"1fbdbda\" data-element_type=\"widget\" data-e-type=\"widget\" data-widget_type=\"text-editor.default\">\n\t\t\t\t<div class=\"elementor-widget-container\">\n\t\t\t\t\t\t\t\t\t<p>The Path of Excellence is a powerful guide to understanding and activating the spiritual gifts bestowed by the Holy Spirit. With a deep focus on love, maturity, and character, this book invites Christians to pursue their divine calling with balance and wisdom. Apostle Fabrice Ngouze offers personal testimony, biblical teachings, and practical steps to help believers activate and discern their gifts for the edification of the Church and the advancement of God\u2019s Kingdom.<\/p><p>Rooted in scripture, The Path of Excellence emphasizes the importance of spiritual growth through love, faith, and humility. It calls Christians to recognize and pursue the gifts of prophecy, healing, wisdom, and discernment, all while maintaining purity of heart and serving others. This book is a compelling call for those who desire to serve with power without losing humility, and to walk in the Spirit while remaining grounded in divine love.<\/p>\t\t\t\t\t\t\t\t<\/div>\n\t\t\t\t<\/div>\n\t\t\t\t<div class=\"elementor-element elementor-element-06fcbde elementor-align-left elementor-widget elementor-widget-button\" data-id=\"06fcbde\" data-element_type=\"widget\" data-e-type=\"widget\" data-widget_type=\"button.default\">\n\t\t\t\t<div class=\"elementor-widget-container\">\n\t\t\t\t\t\t\t\t\t<div class=\"elementor-button-wrapper\">\n\t\t\t\t\t<a class=\"elementor-button elementor-button-link elementor-size-sm elementor-animation-float\" href=\"https:\/\/www.amazon.com\/dp\/B0GCL5P1QT\" target=\"_blank\">\n\t\t\t\t\t\t<span class=\"elementor-button-content-wrapper\">\n\t\t\t\t\t\t\t\t\t<span class=\"elementor-button-text\">Buy Now<\/span>\n\t\t\t\t\t<\/span>\n\t\t\t\t\t<\/a>\n\t\t\t\t<\/div>\n\t\t\t\t\t\t\t\t<\/div>\n\t\t\t\t<\/div>\n\t\t\t\t\t<\/div>\n\t\t<\/div>\n\t\t\t\t<div class=\"elementor-column elementor-col-50 elementor-top-column elementor-element elementor-element-31dc6ae\" data-id=\"31dc6ae\" data-element_type=\"column\" data-e-type=\"column\">\n\t\t\t<div class=\"elementor-widget-wrap elementor-element-populated\">\n\t\t\t\t\t\t<div class=\"elementor-element elementor-element-18d28af elementor-invisible elementor-widget elementor-widget-image\" data-id=\"18d28af\" data-element_type=\"widget\" data-e-type=\"widget\" data-settings=\"{&quot;_animation&quot;:&quot;fadeInLeft&quot;}\" data-widget_type=\"image.default\">\n\t\t\t\t<div class=\"elementor-widget-container\">\n\t\t\t\t\t\t\t\t\t\t\t\t\t\t\t<img decoding=\"async\" width=\"1506\" height=\"2136\" src=\"https:\/\/xn--fabricengouz-author-mzb.com\/new-layout\/wp-content\/uploads\/2026\/04\/ENglish-Front-2.png\" class=\"attachment-full size-full wp-image-947\" alt=\"\" srcset=\"https:\/\/xn--fabricengouz-author-mzb.com\/new-layout\/wp-content\/uploads\/2026\/04\/ENglish-Front-2.png 1506w, https:\/\/xn--fabricengouz-author-mzb.com\/new-layout\/wp-content\/uploads\/2026\/04\/ENglish-Front-2-212x300.png 212w, https:\/\/xn--fabricengouz-author-mzb.com\/new-layout\/wp-content\/uploads\/2026\/04\/ENglish-Front-2-722x1024.png 722w, https:\/\/xn--fabricengouz-author-mzb.com\/new-layout\/wp-content\/uploads\/2026\/04\/ENglish-Front-2-768x1089.png 768w, https:\/\/xn--fabricengouz-author-mzb.com\/new-layout\/wp-content\/uploads\/2026\/04\/ENglish-Front-2-1083x1536.png 1083w, https:\/\/xn--fabricengouz-author-mzb.com\/new-layout\/wp-content\/uploads\/2026\/04\/ENglish-Front-2-1444x2048.png 1444w, https:\/\/xn--fabricengouz-author-mzb.com\/new-layout\/wp-content\/uploads\/2026\/04\/ENglish-Front-2-600x851.png 600w\" sizes=\"(max-width: 1506px) 100vw, 1506px\" \/>\t\t\t\t\t\t\t\t\t\t\t\t\t\t\t<\/div>\n\t\t\t\t<\/div>\n\t\t\t\t\t<\/div>\n\t\t<\/div>\n\t\t\t\t\t<\/div>\n\t\t<\/section>\n\t\t\t\t<section class=\"elementor-section elementor-top-section elementor-element elementor-element-2887775 elementor-section-boxed elementor-section-height-default elementor-section-height-default\" data-id=\"2887775\" data-element_type=\"section\" data-e-type=\"section\">\n\t\t\t\t\t\t<div class=\"elementor-container elementor-column-gap-no\">\n\t\t\t\t\t<div class=\"elementor-column elementor-col-50 elementor-top-column elementor-element elementor-element-172fd12\" data-id=\"172fd12\" data-element_type=\"column\" data-e-type=\"column\">\n\t\t\t<div class=\"elementor-widget-wrap elementor-element-populated\">\n\t\t\t\t\t\t<div class=\"elementor-element elementor-element-aedd787 elementor-invisible elementor-widget elementor-widget-image\" data-id=\"aedd787\" data-element_type=\"widget\" data-e-type=\"widget\" data-settings=\"{&quot;_animation&quot;:&quot;fadeInLeft&quot;}\" data-widget_type=\"image.default\">\n\t\t\t\t<div class=\"elementor-widget-container\">\n\t\t\t\t\t\t\t\t\t\t\t\t\t\t\t<img decoding=\"async\" width=\"441\" height=\"642\" src=\"https:\/\/xn--fabricengouz-author-mzb.com\/new-layout\/wp-content\/uploads\/2026\/04\/Book-2-2-1.png\" class=\"attachment-full size-full wp-image-874\" alt=\"\" srcset=\"https:\/\/xn--fabricengouz-author-mzb.com\/new-layout\/wp-content\/uploads\/2026\/04\/Book-2-2-1.png 441w, https:\/\/xn--fabricengouz-author-mzb.com\/new-layout\/wp-content\/uploads\/2026\/04\/Book-2-2-1-206x300.png 206w\" sizes=\"(max-width: 441px) 100vw, 441px\" \/>\t\t\t\t\t\t\t\t\t\t\t\t\t\t\t<\/div>\n\t\t\t\t<\/div>\n\t\t\t\t\t<\/div>\n\t\t<\/div>\n\t\t\t\t<div class=\"elementor-column elementor-col-50 elementor-top-column elementor-element elementor-element-cf75434 elementor-invisible\" data-id=\"cf75434\" data-element_type=\"column\" data-e-type=\"column\" data-settings=\"{&quot;animation&quot;:&quot;fadeInUp&quot;}\">\n\t\t\t<div class=\"elementor-widget-wrap elementor-element-populated\">\n\t\t\t\t\t\t<div class=\"elementor-element elementor-element-40e6afb elementor-invisible elementor-widget elementor-widget-heading\" data-id=\"40e6afb\" data-element_type=\"widget\" data-e-type=\"widget\" id=\"briser\" data-settings=\"{&quot;_animation&quot;:&quot;fadeInUp&quot;}\" data-widget_type=\"heading.default\">\n\t\t\t\t<div class=\"elementor-widget-container\">\n\t\t\t\t\t<h2 class=\"elementor-heading-title elementor-size-default\">BRISER LES CHA\u00ceNES DU C\u00c9LIBAT ET DU DIVORCE\n<\/h2>\t\t\t\t<\/div>\n\t\t\t\t<\/div>\n\t\t\t\t<div class=\"elementor-element elementor-element-9e814fa elementor-widget elementor-widget-text-editor\" data-id=\"9e814fa\" data-element_type=\"widget\" data-e-type=\"widget\" data-widget_type=\"text-editor.default\">\n\t\t\t\t<div class=\"elementor-widget-container\">\n\t\t\t\t\t\t\t\t\tD\u00e9couvrez la libert\u00e9 spirituelle et la restauration divine dans les relations !\nBriser les Cha\u00eenes du C\u00e9libat et du Divorce est un guide transformateur pour ceux qui cherchent \u00e0 entrer dans un mariage proph\u00e9tique align\u00e9 avec la volont\u00e9 de Dieu. \u00c9crit par l&#8217;Ap\u00f4tre Fabrice Ngouze, ce livre puissant offre des \u00e9clairages spirituels et des \u00e9tapes pratiques pour briser les cha\u00eenes invisibles de retard, de confusion et de mal\u00e9dictions g\u00e9n\u00e9rationnelles qui entravent le succ\u00e8s matrimonial.\t\t\t\t\t\t\t\t<\/div>\n\t\t\t\t<\/div>\n\t\t\t\t<div class=\"elementor-element elementor-element-b920fec elementor-align-left elementor-widget elementor-widget-button\" data-id=\"b920fec\" data-element_type=\"widget\" data-e-type=\"widget\" data-widget_type=\"button.default\">\n\t\t\t\t<div class=\"elementor-widget-container\">\n\t\t\t\t\t\t\t\t\t<div class=\"elementor-button-wrapper\">\n\t\t\t\t\t<a class=\"elementor-button elementor-button-link elementor-size-sm elementor-animation-float\" href=\"https:\/\/www.amazon.com\/dp\/B0G4FD6FFM\" target=\"_blank\">\n\t\t\t\t\t\t<span class=\"elementor-button-content-wrapper\">\n\t\t\t\t\t\t\t\t\t<span class=\"elementor-button-text\">Buy Now<\/span>\n\t\t\t\t\t<\/span>\n\t\t\t\t\t<\/a>\n\t\t\t\t<\/div>\n\t\t\t\t\t\t\t\t<\/div>\n\t\t\t\t<\/div>\n\t\t\t\t\t<\/div>\n\t\t<\/div>\n\t\t\t\t\t<\/div>\n\t\t<\/section>\n\t\t\t\t<section class=\"elementor-section elementor-top-section elementor-element elementor-element-03c055b elementor-section-boxed elementor-section-height-default elementor-section-height-default\" data-id=\"03c055b\" data-element_type=\"section\" data-e-type=\"section\" data-settings=\"{&quot;background_background&quot;:&quot;classic&quot;}\">\n\t\t\t\t\t\t<div class=\"elementor-container elementor-column-gap-no\">\n\t\t\t\t\t<div class=\"elementor-column elementor-col-50 elementor-top-column elementor-element elementor-element-5ae7bfe elementor-invisible\" data-id=\"5ae7bfe\" data-element_type=\"column\" data-e-type=\"column\" data-settings=\"{&quot;animation&quot;:&quot;fadeInUp&quot;}\">\n\t\t\t<div class=\"elementor-widget-wrap elementor-element-populated\">\n\t\t\t\t\t\t<div class=\"elementor-element elementor-element-7875503 elementor-invisible elementor-widget elementor-widget-heading\" data-id=\"7875503\" data-element_type=\"widget\" data-e-type=\"widget\" id=\"camino\" data-settings=\"{&quot;_animation&quot;:&quot;fadeInUp&quot;}\" data-widget_type=\"heading.default\">\n\t\t\t\t<div class=\"elementor-widget-container\">\n\t\t\t\t\t<h2 class=\"elementor-heading-title elementor-size-default\">EL CAMINO HACIA LA EXCELENCIA\n<\/h2>\t\t\t\t<\/div>\n\t\t\t\t<\/div>\n\t\t\t\t<div class=\"elementor-element elementor-element-725b432 elementor-widget elementor-widget-text-editor\" data-id=\"725b432\" data-element_type=\"widget\" data-e-type=\"widget\" data-widget_type=\"text-editor.default\">\n\t\t\t\t<div class=\"elementor-widget-container\">\n\t\t\t\t\t\t\t\t\tEl Camino de la Excelencia es una gu\u00eda poderosa para comprender y activar los dones espirituales otorgados por el Esp\u00edritu Santo. Con un enfoque profundo en el amor, la madurez y el car\u00e1cter, este libro invita a los cristianos a perseguir su llamado divino con equilibrio y sabidur\u00eda. El ap\u00f3stol Fabrice Ngouze ofrece testimonio personal, ense\u00f1anzas b\u00edblicas y pasos pr\u00e1cticos para ayudar a los creyentes a activar y discernir sus dones para la edificaci\u00f3n de la Iglesia y el avance del Reino de Dios.\t\t\t\t\t\t\t\t<\/div>\n\t\t\t\t<\/div>\n\t\t\t\t<div class=\"elementor-element elementor-element-208101a elementor-align-left elementor-widget elementor-widget-button\" data-id=\"208101a\" data-element_type=\"widget\" data-e-type=\"widget\" data-widget_type=\"button.default\">\n\t\t\t\t<div class=\"elementor-widget-container\">\n\t\t\t\t\t\t\t\t\t<div class=\"elementor-button-wrapper\">\n\t\t\t\t\t<a class=\"elementor-button elementor-button-link elementor-size-sm elementor-animation-float\" href=\"https:\/\/www.amazon.com\/dp\/B0GQDS2QWN\" target=\"_blank\">\n\t\t\t\t\t\t<span class=\"elementor-button-content-wrapper\">\n\t\t\t\t\t\t\t\t\t<span class=\"elementor-button-text\">Buy Now<\/span>\n\t\t\t\t\t<\/span>\n\t\t\t\t\t<\/a>\n\t\t\t\t<\/div>\n\t\t\t\t\t\t\t\t<\/div>\n\t\t\t\t<\/div>\n\t\t\t\t\t<\/div>\n\t\t<\/div>\n\t\t\t\t<div class=\"elementor-column elementor-col-50 elementor-top-column elementor-element elementor-element-95b525b\" data-id=\"95b525b\" data-element_type=\"column\" data-e-type=\"column\">\n\t\t\t<div class=\"elementor-widget-wrap elementor-element-populated\">\n\t\t\t\t\t\t<div class=\"elementor-element elementor-element-1ee2284 elementor-invisible elementor-widget elementor-widget-image\" data-id=\"1ee2284\" data-element_type=\"widget\" data-e-type=\"widget\" data-settings=\"{&quot;_animation&quot;:&quot;fadeInLeft&quot;}\" data-widget_type=\"image.default\">\n\t\t\t\t<div class=\"elementor-widget-container\">\n\t\t\t\t\t\t\t\t\t\t\t\t\t\t\t<img loading=\"lazy\" decoding=\"async\" width=\"441\" height=\"642\" src=\"https:\/\/xn--fabricengouz-author-mzb.com\/new-layout\/wp-content\/uploads\/2026\/04\/Book-1-Spanish-1.png\" class=\"attachment-full size-full wp-image-884\" alt=\"\" srcset=\"https:\/\/xn--fabricengouz-author-mzb.com\/new-layout\/wp-content\/uploads\/2026\/04\/Book-1-Spanish-1.png 441w, https:\/\/xn--fabricengouz-author-mzb.com\/new-layout\/wp-content\/uploads\/2026\/04\/Book-1-Spanish-1-206x300.png 206w\" sizes=\"(max-width: 441px) 100vw, 441px\" \/>\t\t\t\t\t\t\t\t\t\t\t\t\t\t\t<\/div>\n\t\t\t\t<\/div>\n\t\t\t\t\t<\/div>\n\t\t<\/div>\n\t\t\t\t\t<\/div>\n\t\t<\/section>\n\t\t\t\t<section class=\"elementor-section elementor-top-section elementor-element elementor-element-5a6bf85 elementor-section-boxed elementor-section-height-default elementor-section-height-default\" data-id=\"5a6bf85\" data-element_type=\"section\" data-e-type=\"section\">\n\t\t\t\t\t\t<div class=\"elementor-container elementor-column-gap-no\">\n\t\t\t\t\t<div class=\"elementor-column elementor-col-50 elementor-top-column elementor-element elementor-element-dacdedd\" data-id=\"dacdedd\" data-element_type=\"column\" data-e-type=\"column\">\n\t\t\t<div class=\"elementor-widget-wrap elementor-element-populated\">\n\t\t\t\t\t\t<div class=\"elementor-element elementor-element-3ee54d1 elementor-invisible elementor-widget elementor-widget-image\" data-id=\"3ee54d1\" data-element_type=\"widget\" data-e-type=\"widget\" data-settings=\"{&quot;_animation&quot;:&quot;fadeInLeft&quot;}\" data-widget_type=\"image.default\">\n\t\t\t\t<div class=\"elementor-widget-container\">\n\t\t\t\t\t\t\t\t\t\t\t\t\t\t\t<img loading=\"lazy\" decoding=\"async\" width=\"441\" height=\"642\" src=\"https:\/\/xn--fabricengouz-author-mzb.com\/new-layout\/wp-content\/uploads\/2026\/04\/Book-1-Portugish-1.png\" class=\"attachment-full size-full wp-image-898\" alt=\"\" srcset=\"https:\/\/xn--fabricengouz-author-mzb.com\/new-layout\/wp-content\/uploads\/2026\/04\/Book-1-Portugish-1.png 441w, https:\/\/xn--fabricengouz-author-mzb.com\/new-layout\/wp-content\/uploads\/2026\/04\/Book-1-Portugish-1-206x300.png 206w\" sizes=\"(max-width: 441px) 100vw, 441px\" \/>\t\t\t\t\t\t\t\t\t\t\t\t\t\t\t<\/div>\n\t\t\t\t<\/div>\n\t\t\t\t\t<\/div>\n\t\t<\/div>\n\t\t\t\t<div class=\"elementor-column elementor-col-50 elementor-top-column elementor-element elementor-element-a15eac8 elementor-invisible\" data-id=\"a15eac8\" data-element_type=\"column\" data-e-type=\"column\" data-settings=\"{&quot;animation&quot;:&quot;fadeInUp&quot;}\">\n\t\t\t<div class=\"elementor-widget-wrap elementor-element-populated\">\n\t\t\t\t\t\t<div class=\"elementor-element elementor-element-e6462b7 elementor-invisible elementor-widget elementor-widget-heading\" data-id=\"e6462b7\" data-element_type=\"widget\" data-e-type=\"widget\" data-settings=\"{&quot;_animation&quot;:&quot;fadeInUp&quot;}\" data-widget_type=\"heading.default\">\n\t\t\t\t<div class=\"elementor-widget-container\">\n\t\t\t\t\t<h2 class=\"elementor-heading-title elementor-size-default\">LE CHEMIN PAR EXCELLENCE<\/h2>\t\t\t\t<\/div>\n\t\t\t\t<\/div>\n\t\t\t\t<div class=\"elementor-element elementor-element-5d73ca2 elementor-widget elementor-widget-text-editor\" data-id=\"5d73ca2\" data-element_type=\"widget\" data-e-type=\"widget\" data-widget_type=\"text-editor.default\">\n\t\t\t\t<div class=\"elementor-widget-container\">\n\t\t\t\t\t\t\t\t\tQuebrando as Correntes do Celibato e do Div\u00f3rcio \u00e9 um guia transformador para aqueles que buscam entrar em um casamento prof\u00e9tico alinhado com a vontade de Deus. Escrito pelo Ap\u00f3stolo Fabrice Ngouze, este poderoso livro oferece insights espirituais e passos pr\u00e1ticos para quebrar as correntes invis\u00edveis de atraso, confus\u00e3o e maldi\u00e7\u00f5es geracionais que impedem o sucesso matrimonial.\n\n\n\n\n\t\t\t\t\t\t\t\t<\/div>\n\t\t\t\t<\/div>\n\t\t\t\t<div class=\"elementor-element elementor-element-6770162 elementor-align-left elementor-widget elementor-widget-button\" data-id=\"6770162\" data-element_type=\"widget\" data-e-type=\"widget\" data-widget_type=\"button.default\">\n\t\t\t\t<div class=\"elementor-widget-container\">\n\t\t\t\t\t\t\t\t\t<div class=\"elementor-button-wrapper\">\n\t\t\t\t\t<a class=\"elementor-button elementor-button-link elementor-size-sm elementor-animation-float\" href=\"https:\/\/www.amazon.com\/CHEMIN-PAR-EXCELLENCE-Fabrice-Ngouze-ebook\/dp\/B0G21L6MDL\/ref=sr_1_4?dib=eyJ2IjoiMSJ9.2BdtQgi7V2fD7mAGqT0rzBO20bkGzSCw4zZEISTMl88lMtyvZkEGDdTmk6SIgDv3VU1aNNKopzZ-waZUcWEnUg.aiY5QnEq-fGKVKNoJOFImhcFaVYy1A4SQATgNTJ9fdg&#038;dib_tag=se&#038;qid=1772224027&#038;refinements=p_27%3AFABRICE+A.++NGOUZE&#038;s=digital-text&#038;sr=1-4&#038;text=FABRICE+A.++NGOUZE\" target=\"_blank\">\n\t\t\t\t\t\t<span class=\"elementor-button-content-wrapper\">\n\t\t\t\t\t\t\t\t\t<span class=\"elementor-button-text\">Buy Now<\/span>\n\t\t\t\t\t<\/span>\n\t\t\t\t\t<\/a>\n\t\t\t\t<\/div>\n\t\t\t\t\t\t\t\t<\/div>\n\t\t\t\t<\/div>\n\t\t\t\t\t<\/div>\n\t\t<\/div>\n\t\t\t\t\t<\/div>\n\t\t<\/section>\n\t\t\t\t<\/div>\n\t\t","protected":false},"excerpt":{"rendered":"<p>My Book Breaking the Chains of Singleness and Divorce: A Prophetic Guide to God-Ordained Marriage This groundbreaking book unveils the spiritual realities behind prolonged singleness, marital delay, and cycles of divorce. Inspired during a 21-day prophetic prayer program, God revealed to the author the hidden covenants, generational patterns, and spiritual battles that keep many from [&hellip;]<\/p>\n","protected":false},"author":1,"featured_media":0,"parent":0,"menu_order":0,"comment_status":"closed","ping_status":"closed","template":"elementor_header_footer","meta":{"footnotes":""},"class_list":["post-277","page","type-page","status-publish","hentry"],"_links":{"self":[{"href":"https:\/\/xn--fabricengouz-author-mzb.com\/new-layout\/wp-json\/wp\/v2\/pages\/277","targetHints":{"allow":["GET"]}}],"collection":[{"href":"https:\/\/xn--fabricengouz-author-mzb.com\/new-layout\/wp-json\/wp\/v2\/pages"}],"about":[{"href":"https:\/\/xn--fabricengouz-author-mzb.com\/new-layout\/wp-json\/wp\/v2\/types\/page"}],"author":[{"embeddable":true,"href":"https:\/\/xn--fabricengouz-author-mzb.com\/new-layout\/wp-json\/wp\/v2\/users\/1"}],"replies":[{"embeddable":true,"href":"https:\/\/xn--fabricengouz-author-mzb.com\/new-layout\/wp-json\/wp\/v2\/comments?post=277"}],"version-history":[{"count":134,"href":"https:\/\/xn--fabricengouz-author-mzb.com\/new-layout\/wp-json\/wp\/v2\/pages\/277\/revisions"}],"predecessor-version":[{"id":1067,"href":"https:\/\/xn--fabricengouz-author-mzb.com\/new-layout\/wp-json\/wp\/v2\/pages\/277\/revisions\/1067"}],"wp:attachment":[{"href":"https:\/\/xn--fabricengouz-author-mzb.com\/new-layout\/wp-json\/wp\/v2\/media?parent=277"}],"curies":[{"name":"wp","href":"https:\/\/api.w.org\/{rel}","templated":true}]}}